{"id":5,"date":"2016-02-20T23:46:14","date_gmt":"2016-02-20T23:46:14","guid":{"rendered":"http:\/\/totaltheme.wpengine.com\/sustainable\/?page_id=5"},"modified":"2025-04-20T07:16:54","modified_gmt":"2025-04-20T05:16:54","slug":"contact","status":"publish","type":"page","link":"https:\/\/uniformesmariarivas.com.ve\/index.php\/contact\/","title":{"rendered":"Contacto"},"content":{"rendered":"<div class=\"wpb-content-wrapper\">[vc_row full_width=\u00bbstretch_row_content_no_spaces\u00bb content_placement=\u00bbmiddle\u00bb column_spacing=\u00bb0px\u00bb][vc_column][vc_raw_html css=\u00bb\u00bb]JTNDaWZyYW1lJTIwc3JjJTNEJTIyaHR0cHMlM0ElMkYlMkZ3d3cuZ29vZ2xlLmNvbSUyRm1hcHMlMkZlbWJlZCUzRnBiJTNEJTIxMW0xNCUyMTFtOCUyMTFtMyUyMTFkNzkwNi40MjExNjM0MDY2OTclMjEyZC03Mi4yMzQ0NDY5Nzg4ODE4MiUyMTNkNy43Njc0ODAwNDE3Njk4NCUyMTNtMiUyMTFpMTAyNCUyMTJpNzY4JTIxNGYxMy4xJTIxM20zJTIxMW0yJTIxMXMweDhlNjY2ZGFhMGJmMTJhODclMjUzQTB4ODU3MzQ5MDhmYjE2YzIyMiUyMTJzVW5pZm9ybWVzJTI1MjB5JTI1MjBDb25mZWNjaW9uZXMlMjUyME1hciUyNUMzJTI1QURhJTI1MjBSaXZhcyUyMTVlMCUyMTNtMiUyMTFzZXMlMjEyc3ZlJTIxNHYxNzI2NzEzNDYwODQ2JTIxNW0yJTIxMXNlcyUyMTJzdmUlMjIlMjB3aWR0aCUzRCUyMjE5MjAlMjIlMjBoZWlnaHQlM0QlMjI0NTAlMjIlMjBzdHlsZSUzRCUyMmJvcmRlciUzQTAlM0IlMjIlMjBhbGxvd2Z1bGxzY3JlZW4lM0QlMjIlMjIlMjBsb2FkaW5nJTNEJTIybGF6eSUyMiUyMHJlZmVycmVycG9saWN5JTNEJTIybm8tcmVmZXJyZXItd2hlbi1kb3duZ3JhZGUlMjIlM0UlM0MlMkZpZnJhbWUlM0U=[\/vc_raw_html][\/vc_column][\/vc_row][vc_row full_width=\u00bbstretch_row_content_no_spaces\u00bb css=\u00bb.vc_custom_1745121802837{background-color: #e1edb4 !important;}\u00bb][vc_column width=\u00bb1\/4&#8243;][\/vc_column][vc_column width=\u00bb1\/2&#8243;]<div class=\"vcex-spacing wpex-w-100 wpex-clear\" style=\"height:30px;\"><\/div><style>.vcex-heading.vcex_6a01bc57c3b29{color:#0d7e00;font-size:30px;}<\/style><div class=\"vcex-heading vcex-heading-plain vcex-module wpex-heading wpex-text-2xl vcex_6a01bc57c3b29\"><span class=\"vcex-heading-inner wpex-inline-block\">Env\u00eda un mensaje<\/span><\/div><div class=\"vcex-spacing wpex-w-100 wpex-clear\" style=\"height:10px;\"><\/div>[vc_column_text css=\u00bb\u00bb]Si desea enviarnos un mensaje directo, por favor complete el formulario y le responderemos lo antes posible.[\/vc_column_text]<div class=\"vcex-spacing wpex-w-100 wpex-clear\" style=\"height:30px;\"><\/div><style>.vcex-contact-form.vcex_6a01bc57c5f8e .vcex-contact-form__submit{background:#0f7d00;color:#ffffff;}.vcex-contact-form.vcex_6a01bc57c5f8e .vcex-contact-form__submit:hover{background:#9fee51;}<\/style><div class=\"vcex-contact-form vcex_6a01bc57c5f8e\" data-ajaxurl=\"https:\/\/uniformesmariarivas.com.ve\/wp-admin\/admin-ajax.php\" data-notice-success=\"Thank you for the message. We will respond as soon as possible.\" data-notice-error=\"Some errors occurred.\" data-recaptcha=\"\" data-nonce=\"66c2497dc6\"><form class=\"vcex-contact-form__form\"><div class=\"vcex-contact-form__fields wpex-mb-15 wpex-flex wpex-flex-col wpex-gap-15\"><div class=\"vcex-contact-form__name wpex-flex-grow\"><label class=\"screen-reader-text\" for=\"vcex-contact-form__6a01bc57c681e-name\">Tu nombre<sup class=\"vcex-contact-form__required\">*<\/sup><\/label><input class=\"vcex-contact-form__input wpex-w-100\" type=\"text\" id=\"vcex-contact-form__6a01bc57c681e-name\" name=\"vcex_cf_name\" required placeholder=\"Tu nombre*\"><\/div><div class=\"vcex-contact-form__email wpex-flex-grow\"><label class=\"screen-reader-text\" for=\"vcex-contact-form__6a01bc57c681e-email\">Tu correo<sup class=\"vcex-contact-form__required\">*<\/sup><\/label><input class=\"vcex-contact-form__input wpex-w-100\" type=\"email\" id=\"vcex-contact-form__6a01bc57c681e-email\" name=\"vcex_cf_email\" required placeholder=\"Tu correo*\"><\/div><\/div><div class=\"vcex-contact-form__message wpex-mb-15\"><label class=\"screen-reader-text\" for=\"vcex-contact-form__6a01bc57c681e-message\">Escribe tu mensaje aqu\u00ed...<\/label><textarea rows=\"8\" class=\"vcex-contact-form__textarea wpex-align-top wpex-w-100\" id=\"vcex-contact-form__6a01bc57c681e-message\" name=\"vcex_cf_message\" required placeholder=\"Escribe tu mensaje aqu\u00ed...\"><\/textarea><\/div><button class=\"vcex-contact-form__submit vcex-contact-form__submit--full theme-button\">Enviar<\/button><div class=\"vcex-contact-form__spinner wpex-mt-15 wpex-hidden\"><svg height=\"20\" width=\"20\" viewBox=\"0 0 36 36\" xmlns=\"http:\/\/www.w3.org\/2000\/svg\"><circle cx=\"18\" cy=\"18\" r=\"18\" fill=\"#a2a2a2\" fill-opacity=\".5\"\/><circle cx=\"18\" cy=\"8\" r=\"4\" fill=\"#fff\"><animateTransform attributeName=\"transform\" dur=\"1100ms\" from=\"0 18 18\" repeatCount=\"indefinite\" to=\"360 18 18\" type=\"rotate\"\/><\/circle><\/svg><\/div><div class=\"vcex-contact-form__notice wpex-hidden wpex-alert wpex-mt-15 wpex-mb-0\"><\/div><\/form><div class=\"vcex-contact-form__overlay wpex-hidden\"><\/div><\/div>[\/vc_column][vc_column width=\u00bb1\/4&#8243;][\/vc_column][\/vc_row][vc_row full_width=\u00bbstretch_row_content_no_spaces\u00bb css=\u00bb.vc_custom_1745125325506{background-color: #e1edb4 !important;}\u00bb][vc_column]<div class=\"vcex-module vcex-divider vcex-divider-solid wpex-my-10 vcex-divider-center wpex-mx-auto wpex-block wpex-h-0 wpex-border-b wpex-border-solid wpex-border-main\"><\/div><style>.vcex-heading.vcex_6a01bc57c86e1{color:#287900;font-size:30px;}<\/style><div class=\"vcex-heading vcex-heading-plain vcex-module wpex-heading wpex-text-2xl wpex-text-center vcex_6a01bc57c86e1\"><span class=\"vcex-heading-inner wpex-inline-block\">Contacto<\/span><\/div>[\/vc_column][\/vc_row][vc_row full_width=\u00bbstretch_row_content_no_spaces\u00bb css=\u00bb.vc_custom_1745125222314{padding-right: 200px !important;padding-left: 200px !important;background-color: #e1edb4 !important;}\u00bb][vc_column wpex_shadow=\u00bbshadow-none\u00bb width=\u00bb1\/4&#8243; css=\u00bb.vc_custom_1745126212091{border-radius: 2px !important;border-color: #000000 !important;}\u00bb]<style>.vcex-heading.vcex_6a01bc57c8a40{color:#287900;font-size:15px;}<\/style><h5 class=\"vcex-heading vcex-heading-plain vcex-module wpex-heading wpex-text-2xl wpex-text-center vcex_6a01bc57c8a40\"><span class=\"vcex-heading-inner wpex-inline-block\">Tel\u00e9fonos Sucursal<\/span><\/h5>[vc_empty_space height=\u00bb15&#8243;][vc_column_text css=\u00bb\u00bb]\n<p style=\"text-align: center;\">0276-3912134<\/p>\n<p style=\"text-align: center;\">0414-7371393<\/p>\n[\/vc_column_text][\/vc_column][vc_column wpex_shadow=\u00bbshadow-none\u00bb width=\u00bb1\/4&#8243;]<style>.vcex-heading.vcex_6a01bc57c8d2d{color:#287900;font-size:15px;}<\/style><h5 class=\"vcex-heading vcex-heading-plain vcex-module wpex-heading wpex-text-2xl wpex-text-center vcex_6a01bc57c8d2d\"><span class=\"vcex-heading-inner wpex-inline-block\">Tel\u00e9fono Principal<\/span><\/h5>[vc_empty_space height=\u00bb15&#8243;][vc_column_text css=\u00bb\u00bb]\n<p style=\"text-align: center;\">0276-3430042<\/p>\n[\/vc_column_text][\/vc_column][vc_column wpex_shadow=\u00bbshadow-none\u00bb width=\u00bb1\/4&#8243;]<style>.vcex-heading.vcex_6a01bc57c902e{color:#287900;font-size:15px;}<\/style><h5 class=\"vcex-heading vcex-heading-plain vcex-module wpex-heading wpex-text-2xl wpex-text-center vcex_6a01bc57c902e\"><span class=\"vcex-heading-inner wpex-inline-block\">WhatsApp<\/span><\/h5>[vc_empty_space height=\u00bb15&#8243;][vc_column_text css=\u00bb\u00bb]\n<p style=\"text-align: center;\"><a href=\"https:\/\/api.whatsapp.com\/send?phone=584147371393&amp;text=Saludos%20me%20gustar%C3%ADa%20presupuestar%20unos%20uniformes%20-W\" target=\"_blank\" rel=\"noopener\">0414-7371393<\/a><\/p>\n[\/vc_column_text][\/vc_column][vc_column wpex_shadow=\u00bbshadow-none\u00bb width=\u00bb1\/4&#8243;]<style>.vcex-heading.vcex_6a01bc57c9324{color:#287900;font-size:15px;}<\/style><h5 class=\"vcex-heading vcex-heading-plain vcex-module wpex-heading wpex-text-2xl wpex-text-center vcex_6a01bc57c9324\"><span class=\"vcex-heading-inner wpex-inline-block\">Direcci\u00f3n<\/span><\/h5>[vc_empty_space height=\u00bb15&#8243;][vc_column_text css=\u00bb\u00bb]\n<h5><strong>Principal:<\/strong><\/h5>\n<p>Carretera Panamericana Casa N\u00b0 9-16 Sector Patiecitos, Palmira Edo. T\u00e1chira<\/p>\n<h5><strong>Sucursal:<\/strong><\/h5>\n<p>Carrera 12 con calle 8 detr\u00e1s del Colegio Maria Auxiliadora. Barrio Obrero, San Crist\u00f3bal. Edo. T\u00e1chira[\/vc_column_text][\/vc_column][\/vc_row]\n<\/div>","protected":false},"excerpt":{"rendered":"<p>[vc_row full_width=\u00bbstretch_row_content_no_spaces\u00bb content_placement=\u00bbmiddle\u00bb column_spacing=\u00bb0px\u00bb][vc_column][vc_raw_html css=\u00bb\u00bb]JTNDaWZyYW1lJTIwc3JjJTNEJTIyaHR0cHMlM0ElMkYlMkZ3d3cuZ29vZ2xlLmNvbSUyRm1hcHMlMkZlbWJlZCUzRnBiJTNEJTIxMW0xNCUyMTFtOCUyMTFtMyUyMTFkNzkwNi40MjExNjM0MDY2OTclMjEyZC03Mi4yMzQ0NDY5Nzg4ODE4MiUyMTNkNy43Njc0ODAwNDE3Njk4NCUyMTNtMiUyMTFpMTAyNCUyMTJpNzY4JTIxNGYxMy4xJTIxM20zJTIxMW0yJTIxMXMweDhlNjY2ZGFhMGJmMTJhODclMjUzQTB4ODU3MzQ5MDhmYjE2YzIyMiUyMTJzVW5pZm9ybWVzJTI1MjB5JTI1MjBDb25mZWNjaW9uZXMlMjUyME1hciUyNUMzJTI1QURhJTI1MjBSaXZhcyUyMTVlMCUyMTNtMiUyMTFzZXMlMjEyc3ZlJTIxNHYxNzI2NzEzNDYwODQ2JTIxNW0yJTIxMXNlcyUyMTJzdmUlMjIlMjB3aWR0aCUzRCUyMjE5MjAlMjIlMjBoZWlnaHQlM0QlMjI0NTAlMjIlMjBzdHlsZSUzRCUyMmJvcmRlciUzQTAlM0IlMjIlMjBhbGxvd2Z1bGxzY3JlZW4lM0QlMjIlMjIlMjBsb2FkaW5nJTNEJTIybGF6eSUyMiUyMHJlZmVycmVycG9saWN5JTNEJTIybm8tcmVmZXJyZXItd2hlbi1kb3duZ3JhZGUlMjIlM0UlM0MlMkZpZnJhbWUlM0U=[\/vc_raw_html][\/vc_column][\/vc_row][vc_row full_width=\u00bbstretch_row_content_no_spaces\u00bb css=\u00bb.vc_custom_1745121802837{background-color: #e1edb4 !important;}\u00bb][vc_column width=\u00bb1\/4&#8243;][\/vc_column][vc_column width=\u00bb1\/2&#8243;][vc_column_text css=\u00bb\u00bb]Si desea enviarnos un mensaje directo, por favor complete el formulario y le responderemos lo antes posible.[\/vc_column_text][\/vc_column][vc_column width=\u00bb1\/4&#8243;][\/vc_column][\/vc_row][vc_row full_width=\u00bbstretch_row_content_no_spaces\u00bb css=\u00bb.vc_custom_1745125325506{background-color: #e1edb4 !important;}\u00bb][vc_column][\/vc_column][\/vc_row][vc_row full_width=\u00bbstretch_row_content_no_spaces\u00bb css=\u00bb.vc_custom_1745125222314{padding-right: 200px !important;padding-left: 200px !important;background-color: #e1edb4 !important;}\u00bb][vc_column wpex_shadow=\u00bbshadow-none\u00bb width=\u00bb1\/4&#8243; css=\u00bb.vc_custom_1745126212091{border-radius: 2px !important;border-color: #000000 !important;}\u00bb][vc_empty_space height=\u00bb15&#8243;][vc_column_text css=\u00bb\u00bb] 0276-3912134 0414-7371393 [\/vc_column_text][\/vc_column][vc_column wpex_shadow=\u00bbshadow-none\u00bb width=\u00bb1\/4&#8243;][vc_empty_space&hellip;<\/p>\n","protected":false},"author":1,"featured_media":0,"parent":0,"menu_order":0,"comment_status":"closed","ping_status":"closed","template":"","meta":{"footnotes":""},"class_list":["post-5","page","type-page","status-publish","hentry","entry","no-media"],"_links":{"self":[{"href":"https:\/\/uniformesmariarivas.com.ve\/index.php\/wp-json\/wp\/v2\/pages\/5","targetHints":{"allow":["GET"]}}],"collection":[{"href":"https:\/\/uniformesmariarivas.com.ve\/index.php\/wp-json\/wp\/v2\/pages"}],"about":[{"href":"https:\/\/uniformesmariarivas.com.ve\/index.php\/wp-json\/wp\/v2\/types\/page"}],"author":[{"embeddable":true,"href":"https:\/\/uniformesmariarivas.com.ve\/index.php\/wp-json\/wp\/v2\/users\/1"}],"replies":[{"embeddable":true,"href":"https:\/\/uniformesmariarivas.com.ve\/index.php\/wp-json\/wp\/v2\/comments?post=5"}],"version-history":[{"count":43,"href":"https:\/\/uniformesmariarivas.com.ve\/index.php\/wp-json\/wp\/v2\/pages\/5\/revisions"}],"predecessor-version":[{"id":148,"href":"https:\/\/uniformesmariarivas.com.ve\/index.php\/wp-json\/wp\/v2\/pages\/5\/revisions\/148"}],"wp:attachment":[{"href":"https:\/\/uniformesmariarivas.com.ve\/index.php\/wp-json\/wp\/v2\/media?parent=5"}],"curies":[{"name":"wp","href":"https:\/\/api.w.org\/{rel}","templated":true}]}}